{"id":258,"date":"2026-01-01T14:30:09","date_gmt":"2026-01-01T14:30:09","guid":{"rendered":"https:\/\/devis-amenagement-exterieur-blois.fr\/?page_id=258"},"modified":"2026-01-01T14:30:09","modified_gmt":"2026-01-01T14:30:09","slug":"maconnerie-exterieure-a-blois-devis-gratuit-et-rapide","status":"publish","type":"page","link":"https:\/\/devis-amenagement-exterieur-blois.fr\/index.php\/maconnerie-exterieure-a-blois-devis-gratuit-et-rapide\/","title":{"rendered":"Ma\u00e7onnerie ext\u00e9rieure \u00e0 Blois \u2013 Devis gratuit et rapide"},"content":{"rendered":"\n<h2 class=\"wp-block-heading\">Vous cherchez un professionnel pour vos <strong>travaux de ma\u00e7onnerie \u00e0 Blois<\/strong>\u202f?<br>Nous r\u00e9alisons tous types de projets : <strong>murets, bordures, murs, escaliers, terrasses<\/strong> et am\u00e9nagements ext\u00e9rieurs.<\/h2>\n\n\n\n<p>\u2705 <strong>Devis gratuit sous 24h<\/strong> \u2013 intervention rapide sur Blois et communes alentours.<\/p>\n\n\n\n<hr class=\"wp-block-separator has-alpha-channel-opacity\"\/>\n\n\n\n<h2 class=\"wp-block-heading\">\ud83d\udfe9 Nos prestations<\/h2>\n\n\n\n<ul class=\"wp-block-list\">\n<li>Murets et bordures<\/li>\n\n\n\n<li>Terrasses en b\u00e9ton ou dalles<\/li>\n\n\n\n<li>Escaliers ext\u00e9rieurs<\/li>\n\n\n\n<li>Murs de sout\u00e8nement<\/li>\n\n\n\n<li>R\u00e9paration et r\u00e9novation<\/li>\n<\/ul>\n\n\n\n<blockquote class=\"wp-block-quote is-layout-flow wp-block-quote-is-layout-flow\">\n<p>Chaque projet est <strong>adapt\u00e9 \u00e0 votre terrain et durable dans le temps<\/strong>.<\/p>\n<\/blockquote>\n\n\n\n<hr class=\"wp-block-separator has-alpha-channel-opacity\"\/>\n\n\n\n<h2 class=\"wp-block-heading\">\ud83d\udd34 CTA<\/h2>\n\n\n\n<p>\ud83d\udc49 <strong>Demandez votre devis gratuit pour votre ma\u00e7onnerie \u00e0 Blois d\u00e8s maintenant !<\/strong><\/p>\n\n\n\n<p>\ud83d\udcde R\u00e9ponse rapide \u2013 Intervention locale<\/p>\n","protected":false},"excerpt":{"rendered":"<p>Vous cherchez un professionnel pour vos travaux de ma\u00e7onnerie \u00e0 Blois\u202f?Nous r\u00e9alisons tous types de projets : murets, bordures, murs, escaliers, terrasses et am\u00e9nagements ext\u00e9rieurs. \u2705 Devis gratuit sous 24h \u2013 intervention rapide sur Blois et communes alentours. \ud83d\udfe9 Nos prestations Chaque projet est adapt\u00e9 \u00e0 votre terrain et durable dans le temps. \ud83d\udd34 CTA [&hellip;]<\/p>\n","protected":false},"author":1,"featured_media":0,"parent":0,"menu_order":0,"comment_status":"closed","ping_status":"closed","template":"","meta":{"footnotes":""},"class_list":["post-258","page","type-page","status-publish","hentry"],"_links":{"self":[{"href":"https:\/\/devis-amenagement-exterieur-blois.fr\/index.php\/wp-json\/wp\/v2\/pages\/258","targetHints":{"allow":["GET"]}}],"collection":[{"href":"https:\/\/devis-amenagement-exterieur-blois.fr\/index.php\/wp-json\/wp\/v2\/pages"}],"about":[{"href":"https:\/\/devis-amenagement-exterieur-blois.fr\/index.php\/wp-json\/wp\/v2\/types\/page"}],"author":[{"embeddable":true,"href":"https:\/\/devis-amenagement-exterieur-blois.fr\/index.php\/wp-json\/wp\/v2\/users\/1"}],"replies":[{"embeddable":true,"href":"https:\/\/devis-amenagement-exterieur-blois.fr\/index.php\/wp-json\/wp\/v2\/comments?post=258"}],"version-history":[{"count":1,"href":"https:\/\/devis-amenagement-exterieur-blois.fr\/index.php\/wp-json\/wp\/v2\/pages\/258\/revisions"}],"predecessor-version":[{"id":259,"href":"https:\/\/devis-amenagement-exterieur-blois.fr\/index.php\/wp-json\/wp\/v2\/pages\/258\/revisions\/259"}],"wp:attachment":[{"href":"https:\/\/devis-amenagement-exterieur-blois.fr\/index.php\/wp-json\/wp\/v2\/media?parent=258"}],"curies":[{"name":"wp","href":"https:\/\/api.w.org\/{rel}","templated":true}]}}